{"id":191,"date":"2020-03-17T12:38:31","date_gmt":"2020-03-17T12:38:31","guid":{"rendered":"https:\/\/wirtschaft-purgstall.at\/SP\/?page_id=191"},"modified":"2020-03-19T07:35:44","modified_gmt":"2020-03-19T07:35:44","slug":"informationen-der-gemeinde","status":"publish","type":"page","link":"https:\/\/wirtschaft-purgstall.at\/?page_id=191","title":{"rendered":"Informationen der Gemeinde"},"content":{"rendered":"<p>Hier finden Sie aktuelle Informationen der Marktgemeinde Purgstall<\/p>\n\n\n<p><strong>INFORMATION DER MARKTGEMEINDE PURGSTALL<\/strong><\/p>\n\n\n\n<p>Sehr geehrte B\u00fcrgerinnen und B\u00fcrger! <br>Die Gesundheit unserer Gemeindeb\u00fcrgerinnen und Gemeindeb\u00fcrger ist mir als B\u00fcrgermeister nat\u00fcrlich sehr wichtig. Daher m\u00f6chte ich Sie \u00fcber den derzeitigen Stand in unserer Gemeinde wie folgt informieren: <br> <strong><a href=\"https:\/\/www.purgstall-erlauf.gv.at\/system\/web\/GetDocument.ashx?fileid=1822156\" target=\"_blank\" rel=\"noreferrer noopener\" aria-label=\" (\u00f6ffnet in neuem Tab)\">CORONA-Virus &#8211; B\u00dcRGERINFORMATION\u00a0 (B\u00fcrgermeisterbrief)<\/a><\/strong><\/p>\n\n\n\n<p>Beachten Sie bitte auch nachsstehend angef\u00fchrte Informationen von der N\u00d6 LRG, BH Scheibbs, Pfarre Purgstall, Postpartner Fabris, Elternbrief der Kinderg\u00e4rten, Volksschule und Neuen Mittelschule, etc.&nbsp; <\/p>\n\n\n\n<p><font color=\"#000124\"><a aria-label=\" (\u00f6ffnet in neuem Tab)\" href=\"https:\/\/www.purgstall-erlauf.gv.at\/Kundmachung_der_Verordnung_gemaess_15_Epidemiegesetz_1950\" target=\"_blank\" rel=\"noreferrer noopener\">ALLE B\u00dcRGERINFORMATIO<\/a><\/font><a aria-label=\" (\u00f6ffnet in neuem Tab)\" href=\"https:\/\/www.purgstall-erlauf.gv.at\/Kundmachung_der_Verordnung_gemaess_15_Epidemiegesetz_1950\" target=\"_blank\" rel=\"noreferrer noopener\">NE<\/a><a aria-label=\" (\u00f6ffnet in neuem Tab)\" href=\"https:\/\/www.purgstall-erlauf.gv.at\/Kundmachung_der_Verordnung_gemaess_15_Epidemiegesetz_1950\" target=\"_blank\" rel=\"noreferrer noopener\">N<\/a><\/p>\n\n\n\n<p>Vielen Dank f\u00fcr Ihr\nVerst\u00e4ndnis! <br>\nIhr\/Euer B\u00fcrgermeister Harald Riemer eh. <\/p>\n","protected":false},"excerpt":{"rendered":"<p>Hier finden Sie aktuelle Informationen der Marktgemeinde Purgstall INFORMATION DER MARKTGEMEINDE PURGSTALL Sehr geehrte B\u00fcrgerinnen und B\u00fcrger! Die Gesundheit unserer Gemeindeb\u00fcrgerinnen und Gemeindeb\u00fcrger ist mir als B\u00fcrgermeister nat\u00fcrlich sehr wichtig. Daher m\u00f6chte ich Sie \u00fcber den derzeitigen Stand in unserer Gemeinde wie folgt informieren: CORONA-Virus &#8211; B\u00dcRGERINFORMATION\u00a0 (B\u00fcrgermeisterbrief) Beachten Sie bitte auch nachsstehend angef\u00fchrte Informationen [&hellip;]<\/p>\n","protected":false},"author":1,"featured_media":0,"parent":0,"menu_order":0,"comment_status":"closed","ping_status":"closed","template":"","meta":{"footnotes":""},"class_list":["post-191","page","type-page","status-publish","hentry"],"yoast_head":"<!-- This site is optimized with the Yoast SEO plugin v27.3 - https:\/\/yoast.com\/product\/yoast-seo-wordpress\/ -->\n<title>Informationen der Gemeinde - Wirtschaft Purgstall<\/title>\n<meta name=\"description\" content=\"Hier finden Sie aktuelle Informationen von \u00f6ffentlichen Stellen f\u00fcr Betriebe:\" \/>\n<meta name=\"robots\" content=\"index, follow, max-snippet:-1, max-image-preview:large, max-video-preview:-1\" \/>\n<link rel=\"canonical\" href=\"https:\/\/wirtschaft-purgstall.at\/?page_id=191\" \/>\n<meta property=\"og:locale\" content=\"de_DE\" \/>\n<meta property=\"og:type\" content=\"article\" \/>\n<meta property=\"og:title\" content=\"Informationen der Gemeinde - Wirtschaft Purgstall\" \/>\n<meta property=\"og:description\" content=\"Hier finden Sie aktuelle Informationen von \u00f6ffentlichen Stellen f\u00fcr Betriebe:\" \/>\n<meta property=\"og:url\" content=\"https:\/\/wirtschaft-purgstall.at\/?page_id=191\" \/>\n<meta property=\"og:site_name\" content=\"Wirtschaft Purgstall\" \/>\n<meta property=\"article:modified_time\" content=\"2020-03-19T07:35:44+00:00\" \/>\n<meta name=\"twitter:card\" content=\"summary_large_image\" \/>\n<meta name=\"twitter:label1\" content=\"Gesch\u00e4tzte Lesezeit\" \/>\n\t<meta name=\"twitter:data1\" content=\"1\u00a0Minute\" \/>\n<script type=\"application\/ld+json\" class=\"yoast-schema-graph\">{\"@context\":\"https:\\\/\\\/schema.org\",\"@graph\":[{\"@type\":\"WebPage\",\"@id\":\"https:\\\/\\\/wirtschaft-purgstall.at\\\/?page_id=191\",\"url\":\"https:\\\/\\\/wirtschaft-purgstall.at\\\/?page_id=191\",\"name\":\"Informationen der Gemeinde - Wirtschaft Purgstall\",\"isPartOf\":{\"@id\":\"https:\\\/\\\/wirtschaft-purgstall.at\\\/#website\"},\"datePublished\":\"2020-03-17T12:38:31+00:00\",\"dateModified\":\"2020-03-19T07:35:44+00:00\",\"description\":\"Hier finden Sie aktuelle Informationen von \u00f6ffentlichen Stellen f\u00fcr Betriebe:\",\"breadcrumb\":{\"@id\":\"https:\\\/\\\/wirtschaft-purgstall.at\\\/?page_id=191#breadcrumb\"},\"inLanguage\":\"de\",\"potentialAction\":[{\"@type\":\"ReadAction\",\"target\":[\"https:\\\/\\\/wirtschaft-purgstall.at\\\/?page_id=191\"]}]},{\"@type\":\"BreadcrumbList\",\"@id\":\"https:\\\/\\\/wirtschaft-purgstall.at\\\/?page_id=191#breadcrumb\",\"itemListElement\":[{\"@type\":\"ListItem\",\"position\":1,\"name\":\"Home\",\"item\":\"https:\\\/\\\/wirtschaft-purgstall.at\\\/\"},{\"@type\":\"ListItem\",\"position\":2,\"name\":\"Informationen der Gemeinde\"}]},{\"@type\":\"WebSite\",\"@id\":\"https:\\\/\\\/wirtschaft-purgstall.at\\\/#website\",\"url\":\"https:\\\/\\\/wirtschaft-purgstall.at\\\/\",\"name\":\"Wirtschaft Purgstall\",\"description\":\"Information der Purgstaller Wirtschaft\",\"publisher\":{\"@id\":\"https:\\\/\\\/wirtschaft-purgstall.at\\\/#organization\"},\"potentialAction\":[{\"@type\":\"SearchAction\",\"target\":{\"@type\":\"EntryPoint\",\"urlTemplate\":\"https:\\\/\\\/wirtschaft-purgstall.at\\\/?s={search_term_string}\"},\"query-input\":{\"@type\":\"PropertyValueSpecification\",\"valueRequired\":true,\"valueName\":\"search_term_string\"}}],\"inLanguage\":\"de\"},{\"@type\":\"Organization\",\"@id\":\"https:\\\/\\\/wirtschaft-purgstall.at\\\/#organization\",\"name\":\"Wirtschaft Purgstall\",\"url\":\"https:\\\/\\\/wirtschaft-purgstall.at\\\/\",\"logo\":{\"@type\":\"ImageObject\",\"inLanguage\":\"de\",\"@id\":\"https:\\\/\\\/wirtschaft-purgstall.at\\\/#\\\/schema\\\/logo\\\/image\\\/\",\"url\":\"https:\\\/\\\/wirtschaft-purgstall.at\\\/wp-content\\\/uploads\\\/2020\\\/03\\\/WB_logo_purgstall-scaled.jpg\",\"contentUrl\":\"https:\\\/\\\/wirtschaft-purgstall.at\\\/wp-content\\\/uploads\\\/2020\\\/03\\\/WB_logo_purgstall-scaled.jpg\",\"width\":2560,\"height\":1783,\"caption\":\"Wirtschaft Purgstall\"},\"image\":{\"@id\":\"https:\\\/\\\/wirtschaft-purgstall.at\\\/#\\\/schema\\\/logo\\\/image\\\/\"}}]}<\/script>\n<!-- \/ Yoast SEO plugin. -->","yoast_head_json":{"title":"Informationen der Gemeinde - Wirtschaft Purgstall","description":"Hier finden Sie aktuelle Informationen von \u00f6ffentlichen Stellen f\u00fcr Betriebe:","robots":{"index":"index","follow":"follow","max-snippet":"max-snippet:-1","max-image-preview":"max-image-preview:large","max-video-preview":"max-video-preview:-1"},"canonical":"https:\/\/wirtschaft-purgstall.at\/?page_id=191","og_locale":"de_DE","og_type":"article","og_title":"Informationen der Gemeinde - Wirtschaft Purgstall","og_description":"Hier finden Sie aktuelle Informationen von \u00f6ffentlichen Stellen f\u00fcr Betriebe:","og_url":"https:\/\/wirtschaft-purgstall.at\/?page_id=191","og_site_name":"Wirtschaft Purgstall","article_modified_time":"2020-03-19T07:35:44+00:00","twitter_card":"summary_large_image","twitter_misc":{"Gesch\u00e4tzte Lesezeit":"1\u00a0Minute"},"schema":{"@context":"https:\/\/schema.org","@graph":[{"@type":"WebPage","@id":"https:\/\/wirtschaft-purgstall.at\/?page_id=191","url":"https:\/\/wirtschaft-purgstall.at\/?page_id=191","name":"Informationen der Gemeinde - Wirtschaft Purgstall","isPartOf":{"@id":"https:\/\/wirtschaft-purgstall.at\/#website"},"datePublished":"2020-03-17T12:38:31+00:00","dateModified":"2020-03-19T07:35:44+00:00","description":"Hier finden Sie aktuelle Informationen von \u00f6ffentlichen Stellen f\u00fcr Betriebe:","breadcrumb":{"@id":"https:\/\/wirtschaft-purgstall.at\/?page_id=191#breadcrumb"},"inLanguage":"de","potentialAction":[{"@type":"ReadAction","target":["https:\/\/wirtschaft-purgstall.at\/?page_id=191"]}]},{"@type":"BreadcrumbList","@id":"https:\/\/wirtschaft-purgstall.at\/?page_id=191#breadcrumb","itemListElement":[{"@type":"ListItem","position":1,"name":"Home","item":"https:\/\/wirtschaft-purgstall.at\/"},{"@type":"ListItem","position":2,"name":"Informationen der Gemeinde"}]},{"@type":"WebSite","@id":"https:\/\/wirtschaft-purgstall.at\/#website","url":"https:\/\/wirtschaft-purgstall.at\/","name":"Wirtschaft Purgstall","description":"Information der Purgstaller Wirtschaft","publisher":{"@id":"https:\/\/wirtschaft-purgstall.at\/#organization"},"potentialAction":[{"@type":"SearchAction","target":{"@type":"EntryPoint","urlTemplate":"https:\/\/wirtschaft-purgstall.at\/?s={search_term_string}"},"query-input":{"@type":"PropertyValueSpecification","valueRequired":true,"valueName":"search_term_string"}}],"inLanguage":"de"},{"@type":"Organization","@id":"https:\/\/wirtschaft-purgstall.at\/#organization","name":"Wirtschaft Purgstall","url":"https:\/\/wirtschaft-purgstall.at\/","logo":{"@type":"ImageObject","inLanguage":"de","@id":"https:\/\/wirtschaft-purgstall.at\/#\/schema\/logo\/image\/","url":"https:\/\/wirtschaft-purgstall.at\/wp-content\/uploads\/2020\/03\/WB_logo_purgstall-scaled.jpg","contentUrl":"https:\/\/wirtschaft-purgstall.at\/wp-content\/uploads\/2020\/03\/WB_logo_purgstall-scaled.jpg","width":2560,"height":1783,"caption":"Wirtschaft Purgstall"},"image":{"@id":"https:\/\/wirtschaft-purgstall.at\/#\/schema\/logo\/image\/"}}]}},"jetpack_sharing_enabled":true,"_links":{"self":[{"href":"https:\/\/wirtschaft-purgstall.at\/index.php?rest_route=\/wp\/v2\/pages\/191","targetHints":{"allow":["GET"]}}],"collection":[{"href":"https:\/\/wirtschaft-purgstall.at\/index.php?rest_route=\/wp\/v2\/pages"}],"about":[{"href":"https:\/\/wirtschaft-purgstall.at\/index.php?rest_route=\/wp\/v2\/types\/page"}],"author":[{"embeddable":true,"href":"https:\/\/wirtschaft-purgstall.at\/index.php?rest_route=\/wp\/v2\/users\/1"}],"replies":[{"embeddable":true,"href":"https:\/\/wirtschaft-purgstall.at\/index.php?rest_route=%2Fwp%2Fv2%2Fcomments&post=191"}],"version-history":[{"count":4,"href":"https:\/\/wirtschaft-purgstall.at\/index.php?rest_route=\/wp\/v2\/pages\/191\/revisions"}],"predecessor-version":[{"id":501,"href":"https:\/\/wirtschaft-purgstall.at\/index.php?rest_route=\/wp\/v2\/pages\/191\/revisions\/501"}],"wp:attachment":[{"href":"https:\/\/wirtschaft-purgstall.at\/index.php?rest_route=%2Fwp%2Fv2%2Fmedia&parent=191"}],"curies":[{"name":"wp","href":"https:\/\/api.w.org\/{rel}","templated":true}]}}